{"id":796,"date":"2022-01-14T12:43:01","date_gmt":"2022-01-14T12:43:01","guid":{"rendered":"https:\/\/ketipachkoria.com\/contact-us\/"},"modified":"2024-11-29T08:35:37","modified_gmt":"2024-11-29T08:35:37","slug":"contactanos","status":"publish","type":"page","link":"https:\/\/ketipachkoria.com\/es\/contactanos\/","title":{"rendered":"Cont\u00e1ctanos"},"content":{"rendered":"<div class=\"row row-collapse row-full-width\"  id=\"row-689175830\">\n<\/div>\n<div class=\"row\"  id=\"row-1906329153\">\n\n\t<div id=\"col-611468348\" class=\"col medium-6 small-12 large-6\"  >\n\t\t\t\t<div class=\"col-inner\"  >\n\t\t\t\n\t\t\t\n\n<p><iframe src=\"https:\/\/www.google.com\/maps\/embed?pb=!1m18!1m12!1m3!1d7829.930386964916!2d-5.357462368980385!3d36.14444510000884!2m3!1f0!2f0!3f0!3m2!1i1024!2i768!4f13.1!3m3!1m2!1s0xd0cc14d58b1e8b9%3A0xb86da5cf090ea9a4!2sDr%20Keti%20Pachkoria.%20Eye%20Doctor.!5e1!3m2!1ses!2ses!4v1679573558586!5m2!1ses!2ses\" width=\"800\" height=\"400\" style=\"border:0;\" allowfullscreen=\"\" loading=\"lazy\" referrerpolicy=\"no-referrer-when-downgrade\"><\/iframe><br \/>\n\n\t\t<\/div>\n\t\t\t\t\t<\/div>\n\n\t\n\n\t<div id=\"col-1077897764\" class=\"col medium-6 small-12 large-6\"  >\n\t\t\t\t<div class=\"col-inner\"  >\n\t\t\t\n\t\t\t\n\n<p><iframe src=\"https:\/\/www.google.com\/maps\/embed?pb=!1m18!1m12!1m3!1d15625.663277014926!2d-5.31079874057361!3d36.29087830362897!2m3!1f0!2f0!3f0!3m2!1i1024!2i768!4f13.1!3m3!1m2!1s0xd0cc3b693e4a18f%3A0xcfd7c8b42e51c81e!2sKeti%20Eye%20Clinic!5e1!3m2!1ses!2ses!4v1679573572894!5m2!1ses!2ses\" width=\"800\" height=\"400\" style=\"border:0;\" allowfullscreen=\"\" loading=\"lazy\" referrerpolicy=\"no-referrer-when-downgrade\"><\/iframe><br \/>\n\n\t\t<\/div>\n\t\t\t\t\t<\/div>\n\n\t\n<\/div>\n\t<section class=\"section\" id=\"section_774151230\">\n\t\t<div class=\"bg section-bg fill bg-fill  bg-loaded\" >\n\n\t\t\t\n\t\t\t\n\t\t\t\n\n\t\t<\/div>\n\n\t\t<div class=\"section-content relative\">\n\t\t\t\n\t<div id=\"text-2153857816\" class=\"text\">\n\t\t\n<h2><span style=\"font-size: 160%;\">Cont\u00e1ctenos<\/span><\/h2>\n\t\t\n<style>\n#text-2153857816 {\n  text-align: center;\n  color: #8f81a2;\n}\n#text-2153857816 > * {\n  color: #8f81a2;\n}\n<\/style>\n\t<\/div>\n\t\n<div class=\"text-center\"><div class=\"is-divider divider clearfix\" style=\"margin-top:0.6em;margin-bottom:0.6em;max-width:140px;height:5px;\"><\/div><\/div>\n\t\t<\/div>\n\n\t\t\n<style>\n#section_774151230 {\n  padding-top: 30px;\n  padding-bottom: 30px;\n}\n<\/style>\n\t<\/section>\n\t\n\t<section class=\"section\" id=\"section_1630456851\">\n\t\t<div class=\"bg section-bg fill bg-fill  bg-loaded\" >\n\n\t\t\t\n\t\t\t\n\t\t\t\n\n\t\t<\/div>\n\n\t\t<div class=\"section-content relative\">\n\t\t\t\n<div class=\"row\"  id=\"row-1725488929\">\n\n\t<div id=\"col-937256379\" class=\"col medium-6 small-12 large-6\"  >\n\t\t\t\t<div class=\"col-inner\"  >\n\t\t\t\n\t\t\t\n\t<div id=\"text-2966448945\" class=\"text\">\n\t\t\n<h2><strong><span style=\"font-size: 130%; color: #a8d0c5;\">Gibraltar<\/span><\/strong><\/h2>\n<p><a style=\"font-size: 120%;\" href=\"tel:+350 56002640\">(+350) 56002640<\/a><\/p>\n<div class=\"flex max-w-full flex-col flex-grow\">\n<div class=\"min-h-8 text-message flex w-full flex-col items-end gap-2 whitespace-normal break-words &#091;.text-message+&amp;&#093;:mt-5\" dir=\"auto\" data-message-author-role=\"assistant\" data-message-id=\"7878177c-ede1-4f1c-a14e-1a3359552bf7\" data-message-model-slug=\"gpt-4o\">\n<div class=\"flex w-full flex-col gap-1 empty:hidden first:pt-&#091;3px&#093;\">\n<div class=\"markdown prose w-full break-words dark:prose-invert light\">\n<p>Cl\u00ednica M\u00e9dica Especializada. Planta 1, local F7, Edificio ICC, Casemates Square, Main Street, Gibraltar GX11 1AA.<\/p>\n<\/div>\n<\/div>\n<\/div>\n<\/div>\n<p><span style=\"font-size: 120%;\">Para consultas contactar <a class=\"\" href=\"mailto:info@ketipachkoria.com\">info@ketipachkoria.com<\/a><\/span><\/p>\n<p><span style=\"font-size: 120%;\">Encu\u00e9ntrenos en Google Maps<\/span><br \/><span style=\"font-size: 120%;\"><a href=\"https:\/\/goo.gl\/maps\/rKikom3xhw8BiX9M8\" rel=\"nofollow noopener\" target=\"_blank\">C\u00f3mo llegar<\/a><\/span><\/p>\n\t\t\n<style>\n#text-2966448945 {\n  text-align: left;\n}\n<\/style>\n\t<\/div>\n\t\n\t\t<\/div>\n\t\t\t\t\t<\/div>\n\n\t\n\n\t<div id=\"col-1839151642\" class=\"col medium-6 small-12 large-6\"  >\n\t\t\t\t<div class=\"col-inner\"  >\n\t\t\t\n\t\t\t\n\t<div id=\"text-1256295972\" class=\"text\">\n\t\t\n<h2><strong><span style=\"font-size: 130%; color: #a8d0c5;\">Sotogrande<\/span><\/strong><\/h2>\n<p><a style=\"font-size: 120%;\" href=\"tel:+34666198820\">(+34) 666 198 820<\/a><\/p>\n<div class=\"flex max-w-full flex-col flex-grow\">\n<div class=\"min-h-8 text-message flex w-full flex-col items-end gap-2 whitespace-normal break-words &#091;.text-message+&amp;&#093;:mt-5\" dir=\"auto\" data-message-author-role=\"assistant\" data-message-id=\"34931c04-37a3-48ee-9c9a-52c82d916689\" data-message-model-slug=\"gpt-4o\">\n<div class=\"flex w-full flex-col gap-1 empty:hidden first:pt-&#091;3px&#093;\">\n<div class=\"markdown prose w-full break-words dark:prose-invert light\">\n<p>Autov\u00eda A7, Km 130, CC Sotomarket, 1\u00aa Planta, Local N\u00ba 46, Sotogrande, C\u00e1diz, 11310.<\/p>\n<\/div>\n<\/div>\n<\/div>\n<\/div>\n<p><span style=\"font-size: 120%;\">Para consultas contactar <a class=\"\" href=\"mailto:info@ketipachkoria.com\">info@ketipachkoria.com<\/a><\/span><\/p>\n<p><span style=\"font-size: 120%;\">Encu\u00e9ntranos en Google Maps<\/span><br \/><span style=\"font-size: 120%;\"><a href=\"https:\/\/goo.gl\/maps\/MSm4FzL37KqPaMpg7\" rel=\"nofollow noopener\" target=\"_blank\">C\u00f3mo llegar<\/a><\/span><\/p>\n\t\t\n<style>\n#text-1256295972 {\n  text-align: left;\n}\n<\/style>\n\t<\/div>\n\t\n\t\t<\/div>\n\t\t\t\t\t<\/div>\n\n\t\n<\/div>\n<div class=\"row\"  id=\"row-1969779557\">\n\n\t<div id=\"col-82014463\" class=\"col small-12 large-12\"  >\n\t\t\t\t<div class=\"col-inner\"  >\n\t\t\t\n\t\t\t\n\t<div id=\"text-2539663993\" class=\"text\">\n\t\t\n<h2><span style=\"font-size: 160%;\">Pregunte ahora<\/span><\/h2>\n\t\t\n<style>\n#text-2539663993 {\n  color: #8f81a2;\n}\n#text-2539663993 > * {\n  color: #8f81a2;\n}\n<\/style>\n\t<\/div>\n\t\n<div class=\"is-divider divider clearfix\" style=\"margin-top:0.6em;margin-bottom:0.6em;max-width:140px;height:5px;\"><\/div>\n\n<div class=\"wpcf7 no-js\" id=\"wpcf7-f820-o1\" lang=\"\" dir=\"ltr\" data-wpcf7-id=\"820\">\n<div class=\"screen-reader-response\"><p role=\"status\" aria-live=\"polite\" aria-atomic=\"true\"><\/p> <ul><\/ul><\/div>\n<form action=\"\/es\/wp-json\/wp\/v2\/pages\/796#wpcf7-f820-o1\" method=\"post\" class=\"wpcf7-form init\" aria-label=\"Formulario de contacto\" novalidate=\"novalidate\" data-status=\"init\">\n<fieldset class=\"hidden-fields-container\"><input type=\"hidden\" name=\"_wpcf7\" value=\"820\" \/><input type=\"hidden\" name=\"_wpcf7_version\" value=\"6.1.1\" \/><input type=\"hidden\" name=\"_wpcf7_locale\" value=\"\" \/><input type=\"hidden\" name=\"_wpcf7_unit_tag\" value=\"wpcf7-f820-o1\" \/><input type=\"hidden\" name=\"_wpcf7_container_post\" value=\"0\" \/><input type=\"hidden\" name=\"_wpcf7_posted_data_hash\" value=\"\" \/>\n<\/fieldset>\n<div class=\"form-contact\">\n\t<p><span class=\"wpcf7-form-control-wrap\" data-name=\"names\"><input size=\"40\" maxlength=\"400\" class=\"wpcf7-form-control wpcf7-text wpcf7-validates-as-required input-form-contact\" aria-required=\"true\" aria-invalid=\"false\" placeholder=\"Nombre\" value=\"\" type=\"text\" name=\"names\" \/><\/span>\n\t<\/p>\n\t<p><span class=\"wpcf7-form-control-wrap\" data-name=\"email\"><input size=\"40\" maxlength=\"400\" class=\"wpcf7-form-control wpcf7-email wpcf7-validates-as-required wpcf7-text wpcf7-validates-as-email input-form-contact\" aria-required=\"true\" aria-invalid=\"false\" placeholder=\"Correo\" value=\"\" type=\"email\" name=\"email\" \/><\/span>\n\t<\/p>\n\t<p><span class=\"wpcf7-form-control-wrap\" data-name=\"phone\"><input size=\"40\" maxlength=\"400\" class=\"wpcf7-form-control wpcf7-tel wpcf7-validates-as-required wpcf7-text wpcf7-validates-as-tel input-form-contact\" aria-required=\"true\" aria-invalid=\"false\" placeholder=\"Tel\u00e9fono\" value=\"\" type=\"tel\" name=\"phone\" \/><\/span>\n\t<\/p>\n\t<p><span class=\"wpcf7-form-control-wrap\" data-name=\"message\"><textarea cols=\"40\" rows=\"10\" maxlength=\"2000\" class=\"wpcf7-form-control wpcf7-textarea wpcf7-validates-as-required input-form-contact\" aria-required=\"true\" aria-invalid=\"false\" placeholder=\"Mensaje\" name=\"message\"><\/textarea><\/span>\n\t<\/p>\n\t<p><span class=\"wpcf7-form-control-wrap\" data-name=\"acceptance\"><span class=\"wpcf7-form-control wpcf7-acceptance optional\"><span class=\"wpcf7-list-item\"><label><input type=\"checkbox\" name=\"acceptance\" value=\"1\" class=\"check-form-contact\" aria-invalid=\"false\" \/><span class=\"wpcf7-list-item-label\">Declaro que soy mayor de edad y que he le\u00eddo y aceptado la <a href=\"https:\/\/ketipachkoria.com\/es\/politica-privacidad\/\" target=\"_blank\">pol\u00edtica de privacidad<\/a>, permitiendo el uso de mis datos para el prop\u00f3sito informado.<\/span><\/label><\/span><\/span><\/span>\n\t<\/p>\n\t<p><span class=\"wpcf7-form-control-wrap\" data-name=\"subscribes\"><span class=\"wpcf7-form-control wpcf7-acceptance optional\"><span class=\"wpcf7-list-item\"><label><input type=\"checkbox\" name=\"subscribes\" value=\"1\" class=\"check-form-contact\" aria-invalid=\"false\" \/><span class=\"wpcf7-list-item-label\">Suscr\u00edbete a nuestra lista de correo para recibir informaci\u00f3n oftalmol\u00f3gica y novedades<\/span><\/label><\/span><\/span><\/span>\n\t<\/p>\n\t<p><input class=\"wpcf7-form-control wpcf7-submit has-spinner send-form-contact\" type=\"submit\" value=\"Enviar\" \/>\n\t<\/p>\n<\/div><div class=\"wpcf7-response-output\" aria-hidden=\"true\"><\/div>\n<\/form>\n<\/div>\n\n<div class=\"row\"  id=\"row-99661464\">\n\n\t<div id=\"col-738767734\" class=\"col small-12 large-12\"  >\n\t\t\t\t<div class=\"col-inner\"  >\n\t\t\t\n\t\t\t\n\n<div class=\"rank-math-contact-info show-name show-organization_description show-email show-address show-hours show-phone show-additional_info show-map\"><div class=\"rank-math-contact-section rank-math-contact-name\">\t\t<h4 class=\"rank-math-name\">\n\t\t\t<a href=\"https:\/\/ketipachkoria.com\">Kt Eye Care<\/a>\n\t\t<\/h4>\n\t\t<\/div><div class=\"rank-math-contact-section rank-math-contact-organization_description\"><\/div><div class=\"rank-math-contact-section rank-math-contact-email\">\t\t<div class=\"rank-math-email\">\n\t\t\t<label>Correo electr\u00f3nico:<\/label>\n\t\t\t<a href=\"mailto:info@ketipachkoria.com\">info@ketipachkoria.com<\/a>\n\t\t<\/div>\n\t\t<\/div><div class=\"rank-math-contact-section rank-math-contact-address\"><\/div><div class=\"rank-math-contact-section rank-math-contact-hours\">\t\t<label>Horas:<\/label>\n\t\t<div class=\"rank-math-contact-hours-details\">\n\t\t\t<div class=\"rank-math-opening-hours\"><span class=\"rank-math-opening-days\">lunes, martes, mi\u00e9rcoles, jueves, viernes, s\u00e1bado, domingo<\/span><span class=\"rank-math-opening-time\">09:00 &ndash; 17:00<\/span><\/div>\t\t<\/div>\n\t\t<\/div><div class=\"rank-math-contact-section rank-math-contact-phone\"><\/div><div class=\"rank-math-contact-section rank-math-contact-additional_info\"><\/div><div class=\"rank-math-contact-section rank-math-contact-map\"><\/div><\/div><div class=\"clear\"><\/div>\n\n\t\t<\/div>\n\t\t\t\t\t<\/div>\n\n\t\n<\/div>\n\t\t<\/div>\n\t\t\t\t\t<\/div>\n\n\t\n<\/div>\n\t\t<\/div>\n\n\t\t\n<style>\n#section_1630456851 {\n  padding-top: 30px;\n  padding-bottom: 30px;\n}\n<\/style>\n\t<\/section>\n\t\n<p>&nbsp;<\/p>\n","protected":false},"excerpt":{"rendered":"<p>&nbsp;<\/p>\n","protected":false},"author":5,"featured_media":0,"parent":0,"menu_order":0,"comment_status":"closed","ping_status":"closed","template":"page-blank.php","meta":{"inline_featured_image":false,"_joinchat":[],"footnotes":""},"class_list":["post-796","page","type-page","status-publish","hentry"],"_links":{"self":[{"href":"https:\/\/ketipachkoria.com\/es\/wp-json\/wp\/v2\/pages\/796","targetHints":{"allow":["GET"]}}],"collection":[{"href":"https:\/\/ketipachkoria.com\/es\/wp-json\/wp\/v2\/pages"}],"about":[{"href":"https:\/\/ketipachkoria.com\/es\/wp-json\/wp\/v2\/types\/page"}],"author":[{"embeddable":true,"href":"https:\/\/ketipachkoria.com\/es\/wp-json\/wp\/v2\/users\/5"}],"replies":[{"embeddable":true,"href":"https:\/\/ketipachkoria.com\/es\/wp-json\/wp\/v2\/comments?post=796"}],"version-history":[{"count":10,"href":"https:\/\/ketipachkoria.com\/es\/wp-json\/wp\/v2\/pages\/796\/revisions"}],"predecessor-version":[{"id":1514,"href":"https:\/\/ketipachkoria.com\/es\/wp-json\/wp\/v2\/pages\/796\/revisions\/1514"}],"wp:attachment":[{"href":"https:\/\/ketipachkoria.com\/es\/wp-json\/wp\/v2\/media?parent=796"}],"curies":[{"name":"wp","href":"https:\/\/api.w.org\/{rel}","templated":true}]}}