{"id":785,"date":"2021-12-14T10:38:05","date_gmt":"2021-12-14T10:38:05","guid":{"rendered":"https:\/\/ketipachkoria.com\/doctor\/"},"modified":"2024-11-29T12:56:30","modified_gmt":"2024-11-29T12:56:30","slug":"doctora","status":"publish","type":"page","link":"https:\/\/ketipachkoria.com\/es\/doctora\/","title":{"rendered":"Doctora"},"content":{"rendered":"\t<section class=\"section\" id=\"section_1103364784\">\n\t\t<div class=\"bg section-bg fill bg-fill  bg-loaded\" >\n\n\t\t\t\n\t\t\t\n\t\t\t\n\n\t\t<\/div>\n\n\t\t<div class=\"section-content relative\">\n\t\t\t\n\t<div id=\"gap-627627705\" class=\"gap-element clearfix\" style=\"display:block; height:auto;\">\n\t\t\n<style>\n#gap-627627705 {\n  padding-top: 18px;\n}\n@media (min-width:550px) {\n  #gap-627627705 {\n    padding-top: 0px;\n  }\n}\n<\/style>\n\t<\/div>\n\t\n<div class=\"row row-collapse row-full-width align-equal\"  id=\"row-323053354\">\n\n\t<div id=\"col-795234658\" class=\"col medium-6 small-12 large-6\"  >\n\t\t\t\t<div class=\"col-inner\"  >\n\t\t\t\n\t\t\t\n\n  <div class=\"banner has-hover\" id=\"banner-1053045805\">\n          <div class=\"banner-inner fill\">\n        <div class=\"banner-bg fill\" >\n            <div class=\"bg fill bg-fill \"><\/div>\n                                    \n                    <\/div>\n        <div class=\"banner-layers container\">\n            <div class=\"fill banner-link\"><\/div>            \n        <\/div>\n      <\/div>\n\n            \n<style>\n#banner-1053045805 {\n  padding-top: 685px;\n}\n#banner-1053045805 .bg.bg-loaded {\n  background-image: url(https:\/\/ketipachkoria.com\/wp-content\/uploads\/2022\/02\/47207747_1470199556416213_2011366865850335232_n-1024x860.jpg);\n}\n<\/style>\n  <\/div>\n\n\n\t\t<\/div>\n\t\t\t\t\t<\/div>\n\n\t\n\n\t<div id=\"col-1753031639\" class=\"col medium-6 small-12 large-6\"  >\n\t\t\t\t<div class=\"col-inner\" style=\"background-color:#8f81a2;\" >\n\t\t\t\n\t\t\t\n\t<div id=\"text-1639007718\" class=\"text\">\n\t\t\n<h2><span style=\"font-size: 200%;\"><b>Dra. KETI PACHKORIA<\/b><\/span><\/h2>\n\t\t\n<style>\n#text-1639007718 {\n  text-align: center;\n  color: rgb(255,255,255);\n}\n#text-1639007718 > * {\n  color: rgb(255,255,255);\n}\n<\/style>\n\t<\/div>\n\t\n\t<div id=\"text-1209345995\" class=\"text\">\n\t\t\n<p><span style=\"font-size: 170%;\">MD, PhD, FEBO<\/span><br \/>\n\t\t\n<style>\n#text-1209345995 {\n  text-align: center;\n  color: rgb(255,255,255);\n}\n#text-1209345995 > * {\n  color: rgb(255,255,255);\n}\n<\/style>\n\t<\/div>\n\t\n\t<div id=\"text-1727064009\" class=\"text\">\n\t\t\n<h2><span style=\"font-size: 140%;\"><strong>Cirujana oftalm\u00f3loga<br \/>\n<\/strong><\/span><\/h2>\n\t\t\n<style>\n#text-1727064009 {\n  text-align: center;\n  color: rgb(255,255,255);\n}\n#text-1727064009 > * {\n  color: rgb(255,255,255);\n}\n<\/style>\n\t<\/div>\n\t\n\t<div id=\"text-3004371885\" class=\"text\">\n\t\t\n<p><span style=\"font-size: 140%;\">Registrada como M\u00e9dico Especialista en cirug\u00eda ocular en el Reino Unido, Gibraltar y Espa\u00f1a.<\/span><br \/>\n\t\t\n<style>\n#text-3004371885 {\n  text-align: center;\n  color: rgb(255,255,255);\n}\n#text-3004371885 > * {\n  color: rgb(255,255,255);\n}\n<\/style>\n\t<\/div>\n\t\n\t\t<\/div>\n\t\t\t\t\n<style>\n#col-1753031639 > .col-inner {\n  padding: 50px 30px 50px 30px;\n}\n@media (min-width:550px) {\n  #col-1753031639 > .col-inner {\n    padding: 170px 75px 45px 75px;\n  }\n}\n<\/style>\n\t<\/div>\n\n\t\n<\/div>\n\t<div id=\"gap-392824203\" class=\"gap-element clearfix\" style=\"display:block; height:auto;\">\n\t\t\n<style>\n#gap-392824203 {\n  padding-top: 70px;\n}\n<\/style>\n\t<\/div>\n\t\n<div class=\"row\" style=\"max-width:94%\" id=\"row-331660036\">\n\n\t<div id=\"col-1520563129\" class=\"col medium-12 small-12 large-3\"  >\n\t\t\t\t<div class=\"col-inner\"  >\n\t\t\t\n\t\t\t\n\t<div id=\"text-3869049536\" class=\"text\">\n\t\t\n<h2><span style=\"font-size: 160%;\">Educaci\u00f3n internacional<\/span><\/h2>\n\t\t\n<style>\n#text-3869049536 {\n  color: #8f81a2;\n}\n#text-3869049536 > * {\n  color: #8f81a2;\n}\n<\/style>\n\t<\/div>\n\t\n\t<div id=\"text-2078106771\" class=\"text justify\">\n\t\t\n<div class=\"flex max-w-full flex-col flex-grow\">\n<div class=\"min-h-8 text-message flex w-full flex-col items-end gap-2 whitespace-normal break-words &#091;.text-message+&amp;&#093;:mt-5\" dir=\"auto\" data-message-author-role=\"assistant\" data-message-id=\"c51d3c88-7a92-4450-bfdd-cfd6d76fb6fe\" data-message-model-slug=\"gpt-4o\">\n<div class=\"flex w-full flex-col gap-1 empty:hidden first:pt-&#091;3px&#093;\">\n<div class=\"markdown prose w-full break-words dark:prose-invert light\">\n<p>La Dra. Keti Pachkoria es una reconocida especialista en Oftalmolog\u00eda con m\u00e1s de 15 a\u00f1os de experiencia en Europa y el Reino Unido. Dirige su propia cl\u00ednica privada de atenci\u00f3n ocular en Gibraltar y Sotogrande, ofreciendo servicios m\u00e9dicos y quir\u00fargicos personalizados. Es una Cirujana Ocular Consultora plenamente acreditada, con licencias para ejercer en el Reino Unido, Gibraltar y Espa\u00f1a.<\/p>\n<p>Originaria de Georgia, la Dra. Pachkoria se form\u00f3 en oftalmolog\u00eda en el prestigioso Hospital Universitario Gregorio Mara\u00f1\u00f3n de Madrid, Espa\u00f1a. Posteriormente, perfeccion\u00f3 sus habilidades mediante un <em>fellowship<\/em> avanzado en Retina M\u00e9dica y Glaucoma en el renombrado Moorfields Eye Hospital del Reino Unido, consolid\u00e1ndose como una experta en su campo.<\/p>\n<\/div>\n<\/div>\n<\/div>\n<\/div>\n\t\t\t<\/div>\n\t\n\t\t<\/div>\n\t\t\t\t\n<style>\n#col-1520563129 > .col-inner {\n  padding: 0px 0px 0px 0px;\n}\n<\/style>\n\t<\/div>\n\n\t\n\n\t<div id=\"col-1846836639\" class=\"col medium-12 small-12 large-3\"  >\n\t\t\t\t<div class=\"col-inner\"  >\n\t\t\t\n\t\t\t\n\t<div id=\"text-1629581152\" class=\"text\">\n\t\t\n<h2><span style=\"font-size: 160%;\">Experiencia oft\u00e1lmica<\/span><\/h2>\n\t\t\n<style>\n#text-1629581152 {\n  color: #8f81a2;\n}\n#text-1629581152 > * {\n  color: #8f81a2;\n}\n<\/style>\n\t<\/div>\n\t\n\t<div id=\"text-320527260\" class=\"text justify\">\n\t\t\n<div class=\"flex max-w-full flex-col flex-grow\">\n<div class=\"min-h-8 text-message flex w-full flex-col items-end gap-2 whitespace-normal break-words &#091;.text-message+&amp;&#093;:mt-5\" dir=\"auto\" data-message-author-role=\"assistant\" data-message-id=\"474e722d-2946-420f-9c19-9e1605956b15\" data-message-model-slug=\"gpt-4o\">\n<div class=\"flex w-full flex-col gap-1 empty:hidden first:pt-&#091;3px&#093;\">\n<div class=\"markdown prose w-full break-words dark:prose-invert light\">\n<p>La Dra. Keti Pachkoria ha ejercido como oftalm\u00f3loga consultora en el prestigioso Moorfields Eye Hospital del Reino Unido, donde adquiri\u00f3 una amplia experiencia en el manejo y tratamiento de emergencias oculares agudas y patolog\u00edas oculares comunes que, si no se tratan a tiempo, pueden provocar ceguera irreversible. Entre estas condiciones destacan el glaucoma, la degeneraci\u00f3n macular asociada a la edad y la retinopat\u00eda diab\u00e9tica.<\/p>\n<p>Como cirujana ocular, la Dra. Pachkoria cuenta con una destacada especializaci\u00f3n en cirug\u00eda de cataratas por microincisi\u00f3n y extracci\u00f3n de lentes transparentes. Adem\u00e1s, tiene un inter\u00e9s particular en la cirug\u00eda de p\u00e1rpados, donde a menudo combina t\u00e9cnicas est\u00e9ticas con procedimientos quir\u00fargicos reconstructivos para rejuvenecer la mirada y mejorar la satisfacci\u00f3n de sus pacientes. Sus tratamientos integran procedimientos quir\u00fargicos y no quir\u00fargicos, bas\u00e1ndose en un profundo conocimiento cient\u00edfico y una vasta experiencia en la anatom\u00eda del p\u00e1rpado, garantizando resultados naturales y efectivos.<\/p>\n<\/div>\n<\/div>\n<\/div>\n<\/div>\n\t\t\t<\/div>\n\t\n\t\t<\/div>\n\t\t\t\t\t<\/div>\n\n\t\n\n\t<div id=\"col-94868661\" class=\"col medium-12 small-12 large-3\"  >\n\t\t\t\t<div class=\"col-inner\"  >\n\t\t\t\n\t\t\t\n\t<div id=\"text-1292654399\" class=\"text\">\n\t\t\n<h2><span style=\"font-size: 160%;\">Dedicada al cuidado de los pacientes<\/span><\/h2>\n\t\t\n<style>\n#text-1292654399 {\n  color: #8f81a2;\n}\n#text-1292654399 > * {\n  color: #8f81a2;\n}\n<\/style>\n\t<\/div>\n\t\n\t<div id=\"text-95475266\" class=\"text justify\">\n\t\t\n<div class=\"flex max-w-full flex-col flex-grow\">\n<div class=\"min-h-8 text-message flex w-full flex-col items-end gap-2 whitespace-normal break-words &#091;.text-message+&amp;&#093;:mt-5\" dir=\"auto\" data-message-author-role=\"assistant\" data-message-id=\"65f71e21-d75e-4408-bb49-81696ba466ae\" data-message-model-slug=\"gpt-4o\">\n<div class=\"flex w-full flex-col gap-1 empty:hidden first:pt-&#091;3px&#093;\">\n<div class=\"markdown prose w-full break-words dark:prose-invert light\">\n<p>La Dra. Keti Pachkoria es una profesional dedicada, apasionada por marcar una diferencia en la vida de sus pacientes. Su enfoque se basa en dedicar el tiempo necesario a cada consulta, asegur\u00e1ndose de que sus pacientes no solo se sientan tranquilos, sino tambi\u00e9n bien informados sobre su condici\u00f3n y las opciones de tratamiento disponibles. Destaca por su enfoque hol\u00edstico, desarrollando planes personalizados que se adaptan a las necesidades espec\u00edficas de cada paciente, y su compromiso con resultados seguros, indoloros y \u00f3ptimos, respaldados por evidencia cl\u00ednica y su amplia experiencia.<\/p>\n<p>En el \u00e1mbito acad\u00e9mico, la Dra. Pachkoria es autora de numerosos art\u00edculos m\u00e9dicos de reconocimiento internacional. En 2007, se convirti\u00f3 en la primera doctora en recibir el t\u00edtulo de <strong>PhD cum laude<\/strong> en Farmacolog\u00eda Cl\u00ednica con Menci\u00f3n Internacional \u00abDoctora Europea\u00bb por la Universidad de M\u00e1laga. Adem\u00e1s, participa activamente en programas de educaci\u00f3n m\u00e9dica continua, lo que le vali\u00f3 recientemente el <strong>Premio de Educaci\u00f3n Internacional<\/strong> otorgado por la Academia Americana de Oftalmolog\u00eda.<\/p>\n<p>La Dra. Pachkoria domina con fluidez ingl\u00e9s, espa\u00f1ol, ruso y georgiano, lo que le permite brindar una atenci\u00f3n inclusiva y accesible a pacientes de diversas culturas y nacionalidades.<\/p>\n<\/div>\n<\/div>\n<\/div>\n<\/div>\n\t\t\t<\/div>\n\t\n\t\t<\/div>\n\t\t\t\t\t<\/div>\n\n\t\n\n\t<div id=\"col-1648434563\" class=\"col medium-3 small-12 large-3\"  data-animate=\"flipInX\">\n\t\t\t\t<div class=\"col-inner box-shadow-2 box-shadow-1-hover\" style=\"background-color:#a8d0c5;\" >\n\t\t\t\n\t\t\t\n<div class=\"row\"  id=\"row-1404838976\">\n\n\t<div id=\"col-1895828087\" class=\"col small-12 large-12\"  >\n\t\t\t\t<div class=\"col-inner\"  >\n\t\t\t\n\t\t\t\n\t<div id=\"text-727596696\" class=\"text\">\n\t\t\n<h3><span style=\"font-size: 160%;\">Consulte ahora<\/span><\/h3>\n\t\t\n<style>\n#text-727596696 {\n  font-size: 1.75rem;\n  line-height: 1;\n  text-align: center;\n  color: rgb(255,255,255);\n}\n#text-727596696 > * {\n  color: rgb(255,255,255);\n}\n<\/style>\n\t<\/div>\n\t\n<div class=\"text-center\"><div class=\"is-divider divider clearfix\" style=\"margin-top:0.6em;margin-bottom:0.6em;max-width:140px;height:5px;\"><\/div><\/div>\n\t<div id=\"text-2323382689\" class=\"text\">\n\t\t\n<p><span style=\"font-size: 120%;\">No dude en contactar con nuestro equipo, estamos aqu\u00ed para ayudarle.<\/span><br \/>\n\t\t\n<style>\n#text-2323382689 {\n  text-align: center;\n  color: rgb(255,255,255);\n}\n#text-2323382689 > * {\n  color: rgb(255,255,255);\n}\n<\/style>\n\t<\/div>\n\t\n<a href=\"tel:+35056002640\" target=\"_self\" class=\"button secondary is-gloss is-small expand\"  >\n  <i class=\"icon-phone\" ><\/i>  <span>Gibraltar (+35) 5600 2640<\/span>\n  <\/a>\n\n<a href=\"tel:+34666198820\" target=\"_self\" class=\"button secondary is-gloss is-small expand\"  >\n  <i class=\"icon-phone\" ><\/i>  <span>Espa\u00f1a (+34) 666 198 820<\/span>\n  <\/a>\n\n<a href=\"mailto:info@ketipachkoria.com\" target=\"_self\" class=\"button white is-small expand\"  >\n  <i class=\"icon-envelop\" ><\/i>  <span>info@ketipachkoria.com<\/span>\n  <\/a>\n\n\t<div id=\"gap-626583983\" class=\"gap-element clearfix\" style=\"display:block; height:auto;\">\n\t\t\n<style>\n#gap-626583983 {\n  padding-top: 60px;\n}\n<\/style>\n\t<\/div>\n\t\n<a href=\"https:\/\/ketipachkoria.com\/es\/contactanos\/\" target=\"_self\" class=\"button secondary is-shade is-large box-shadow-2 box-shadow-3-hover expand\"  style=\"border-radius:10px;\">\n    <span>Cont\u00e1ctenos<\/span>\n  <i class=\"icon-play\" ><\/i><\/a>\n\n\t\t<\/div>\n\t\t\t\t\n<style>\n#col-1895828087 > .col-inner {\n  padding: 30px 20px 30px 20px;\n}\n@media (min-width:550px) {\n  #col-1895828087 > .col-inner {\n    padding: 30px 40px 30px 40px;\n  }\n}\n<\/style>\n\t<\/div>\n\n\t\n<\/div>\n\t\t<\/div>\n\t\t\t\t\n<style>\n#col-1648434563 > .col-inner {\n  padding: 30px 30px 30px 30px;\n}\n@media (min-width:550px) {\n  #col-1648434563 > .col-inner {\n    padding: 30px 40px 30px 40px;\n  }\n}\n<\/style>\n\t<\/div>\n\n\t\n\n<style>\n#row-331660036 > .col > .col-inner {\n  padding: 0px 0px 0px 0px;\n}\n@media (min-width:550px) {\n  #row-331660036 > .col > .col-inner {\n    padding: 0px 20px 0px 20px;\n  }\n}\n<\/style>\n<\/div>\n\t\t<\/div>\n\n\t\t\n<style>\n#section_1103364784 {\n  padding-top: 0px;\n  padding-bottom: 0px;\n}\n<\/style>\n\t<\/section>\n\t\n\t<section class=\"section\" id=\"section_1586721847\">\n\t\t<div class=\"bg section-bg fill bg-fill  bg-loaded\" >\n\n\t\t\t\n\t\t\t\n\t\t\t\n\n\t\t<\/div>\n\n\t\t<div class=\"section-content relative\">\n\t\t\t\n<div class=\"row row-collapse\"  id=\"row-1083567412\">\n\n\t<div id=\"col-1137060235\" class=\"col small-12 large-12\"  >\n\t\t\t\t<div class=\"col-inner\"  >\n\t\t\t\n\t\t\t\n<div class=\"container section-title-container\" ><h2 class=\"section-title section-title-center\"><b><\/b><span class=\"section-title-main\" style=\"font-size:258%;color:rgb(255, 255, 255);\">Afiliaci\u00f3n<\/span><b><\/b><\/h2><\/div>\n\t\t<\/div>\n\t\t\t\t\t<\/div>\n\n\t\n<\/div>\n\n\t\t<\/div>\n\n\t\t\n<style>\n#section_1586721847 {\n  padding-top: 30px;\n  padding-bottom: 30px;\n  background-color: #a8d0c5;\n}\n<\/style>\n\t<\/section>\n\t\n<div class=\"row align-middle\"  id=\"row-1349304197\">\n\n\t<div id=\"col-2027585621\" class=\"col small-12 large-12\"  >\n\t\t\t\t<div class=\"col-inner\"  >\n\t\t\t\n\t\t\t\n<style id=\"sp_lcp_dynamic_css550\">div#logo-carousel-free-550.logo-carousel-free .sp-lc-logo{border: 1px solid #dddddd;border-radius: 0px;overflow: hidden;}div#logo-carousel-free-550.logo-carousel-free .sp-lc-logo:hover{border-color: #16a08b;}#logo-carousel-free-550.sp-lc-container .sp-lc-pagination .swiper-pagination-bullet {background-color: #dddddd;margin: 0 4px;}#logo-carousel-free-550.sp-lc-container .sp-lc-pagination .swiper-pagination-bullet.swiper-pagination-bullet-active{background-color: #16a08b; }#logo-carousel-free-550.sp-lc-container .sp-logo-carousel {padding-top: 46px;}#logo-carousel-free-550.sp-lc-container .sp-lc-button-prev,#logo-carousel-free-550.sp-lc-container .sp-lc-button-next {color: #aaaaaa;background: transparent;border: 1px solid #aaaaaa;line-height: 28px;}#logo-carousel-free-550.sp-lc-container .sp-lc-button-prev:hover,#logo-carousel-free-550.sp-lc-container .sp-lc-button-next:hover{background-color: #16a08b;color: #ffffff;border-color: #16a08b;}@media only screen and (max-width: 576px) {} .logo-carousel-free-area#logo-carousel-free-550{position: relative;}#lcp-preloader-550{position: absolute;left: 0;top: 0;height: 100%;width: 100%;text-align: center;display: flex;align-items: center;justify-content: center;background: #fff;z-index: 9999;} .logo-carousel-free-area#logo-carousel-free-550 .sp-logo-carousel-section-title{margin-bottom: 30px;}#logo-carousel-free-550 .sp-lc-grid-container { justify-content: left; align-items: center; } #logo-carousel-free-550 .swiper-wrapper .swiper-slide { align-self: center; }#logo-carousel-free-550 .sp-lc-grid-container {margin-left: -6px;margin-right: -6px;width: calc( 100% + 12px);}#logo-carousel-free-550 .sp-lc-grid-container [class*=\"lc-col\"] {padding-left: 6px;padding-right: 6px;padding-bottom: 12px;}@media screen and (min-width: 1200px ){.logo-carousel-free-area#logo-carousel-free-550 .sp-logo-carousel:not([class*=\"-initialized\"]) > .swiper-wrapper {display: flex;width: calc( 100% + 12px );}.logo-carousel-free-area#logo-carousel-free-550 .sp-logo-carousel:not([class*=\"-initialized\"]) > .swiper-wrapper > .swiper-slide {width: 20%;padding-right: 12px;}}<\/style>\n<div id='logo-carousel-free-550' class=\"logo-carousel-free logo-carousel-free-area sp-lc-container\">\n\t\t\t<div id=\"lcp-preloader-550\" class=\"sp-logo-carousel-preloader\"><img decoding=\"async\" src=\"https:\/\/ketipachkoria.com\/wp-content\/plugins\/logo-carousel-free\/admin\/assets\/images\/spinner.svg\" class=\"skip-lazy\" alt=\"Loader Image\" title=\"Eye Clinic Ophthalmology Clinic\"><\/div>\n\t\t\t<div id=\"sp-logo-carousel-id-550\" class=\"swiper-container sp-logo-carousel  lcp-preloader\" dir=\"ltr\" data-carousel='{ \"speed\":600,\"spaceBetween\": 12, \"autoplay\": true, \"infinite\":true, \"autoplay_speed\": 3000, \"stop_onHover\": true, \"pagination\": true, \"navigation\": true, \"MobileNav\": true, \"MobilePagi\": true, \"simulateTouch\": true,\"freeMode\": false,\"swipeToSlide\": false, \"carousel_accessibility\": true,\"adaptiveHeight\": false,\"allowTouchMove\": true, \"slidesPerView\": { \"lg_desktop\": 5, \"desktop\": 4, \"tablet\": 3, \"mobile\": 1, \"mobile_landscape\": 2 } }' data-carousel-starts-onscreen=\"false\">\n\t\t<div class=\"swiper-wrapper\">\n\t\t\t\t<div class=\"swiper-slide\"><div class=\"sp-lc-logo\"><img loading=\"lazy\" decoding=\"async\" src=\"https:\/\/ketipachkoria.com\/wp-content\/uploads\/2022\/01\/Image-24-09-18-at-13.25-12.jpg\" title=\"Eye Clinic Ophthalmology Clinic\" alt=\"Member of AAO\" width=\"640\" height=\"480\" class=\"sp-lc-image skip-lazy\"><\/div><\/div>\n\t\t<div class=\"swiper-slide\"><div class=\"sp-lc-logo\"><img loading=\"lazy\" decoding=\"async\" src=\"https:\/\/ketipachkoria.com\/wp-content\/uploads\/2022\/01\/Image-24-09-18-at-13.25-1.png\" title=\"Eye Clinic Ophthalmology Clinic\" alt=\"Certified in Blepharoplasty\" width=\"640\" height=\"480\" class=\"sp-lc-image skip-lazy\"><\/div><\/div>\n\t\t<div class=\"swiper-slide\"><div class=\"sp-lc-logo\"><img loading=\"lazy\" decoding=\"async\" src=\"https:\/\/ketipachkoria.com\/wp-content\/uploads\/2022\/02\/RCOphth-Logo-RGB-Actual_Square.jpg\" title=\"Eye Clinic Ophthalmology Clinic\" alt=\"Member of RCOphth\" width=\"2127\" height=\"2127\" class=\"sp-lc-image skip-lazy\"><\/div><\/div>\n\t\t<div class=\"swiper-slide\"><div class=\"sp-lc-logo\"><img loading=\"lazy\" decoding=\"async\" src=\"https:\/\/ketipachkoria.com\/wp-content\/uploads\/2022\/02\/descarga.png\" title=\"Eye Clinic Ophthalmology Clinic\" alt=\"Medical Protecci\u00f3n\" width=\"225\" height=\"225\" class=\"sp-lc-image skip-lazy\"><\/div><\/div>\n\t\t<div class=\"swiper-slide\"><div class=\"sp-lc-logo\"><img loading=\"lazy\" decoding=\"async\" src=\"https:\/\/ketipachkoria.com\/wp-content\/uploads\/2022\/02\/imagenColegioMedicos.jpg\" title=\"Eye Clinic Ophthalmology Clinic\" alt=\"Colegio de M\u00e9dicos de C\u00e1diz\" width=\"640\" height=\"426\" class=\"sp-lc-image skip-lazy\"><\/div><\/div>\n\t\t<div class=\"swiper-slide\"><div class=\"sp-lc-logo\"><img loading=\"lazy\" decoding=\"async\" src=\"https:\/\/ketipachkoria.com\/wp-content\/uploads\/2022\/02\/General-Medical-Council.png\" title=\"Eye Clinic Ophthalmology Clinic\" alt=\"General Medical Council de UK\" width=\"420\" height=\"240\" class=\"sp-lc-image skip-lazy\"><\/div><\/div>\n\t\t\t<\/div>\n\n\t\t\t\t\t<div class=\"sp-lc-pagination swiper-pagination dots\"><\/div>\n\t\t\t\t\t\t<div class=\"sp-lc-button-next\"><i class=\"fa fa-angle-right\"><\/i><\/div>\n\t\t\t<div class=\"sp-lc-button-prev\"><i class=\"fa fa-angle-left\"><\/i><\/div>\n\t\t\t\t<\/div>\n<\/div>\n\n\t\t<\/div>\n\t\t\t\t\t<\/div>\n\n\t\n<\/div>\n\t<section class=\"section\" id=\"section_582297965\">\n\t\t<div class=\"bg section-bg fill bg-fill  bg-loaded\" >\n\n\t\t\t\n\t\t\t\n\t\t\t\n\n\t\t<\/div>\n\n\t\t<div class=\"section-content relative\">\n\t\t\t\n<div class=\"row\"  id=\"row-1937070262\">\n\n\t<div id=\"col-1220224760\" class=\"col small-12 large-12\"  >\n\t\t\t\t<div class=\"col-inner text-center\"  >\n\t\t\t\n\t\t\t\n\t<div id=\"text-2634457873\" class=\"text\">\n\t\t\n<h4><span style=\"font-size: 120%;\">AXA Global Care Provider<\/span><\/h4>\n\t\t\n<style>\n#text-2634457873 {\n  text-align: center;\n}\n<\/style>\n\t<\/div>\n\t\n\t<div class=\"img has-hover x md-x lg-x y md-y lg-y\" id=\"image_537565510\">\n\t\t\t\t\t\t\t\t<div class=\"img-inner dark\" >\n\t\t\t<img loading=\"lazy\" decoding=\"async\" width=\"1020\" height=\"1020\" src=\"https:\/\/ketipachkoria.com\/wp-content\/uploads\/2022\/02\/AXA_Logo.svg-1024x1024.png\" class=\"attachment-large size-large\" alt=\"Keti Eye Clinic Ophthalmology Clinic\" srcset=\"https:\/\/ketipachkoria.com\/wp-content\/uploads\/2022\/02\/AXA_Logo.svg-1024x1024.png 1024w, https:\/\/ketipachkoria.com\/wp-content\/uploads\/2022\/02\/AXA_Logo.svg-300x300.png 300w, https:\/\/ketipachkoria.com\/wp-content\/uploads\/2022\/02\/AXA_Logo.svg-150x150.png 150w, https:\/\/ketipachkoria.com\/wp-content\/uploads\/2022\/02\/AXA_Logo.svg-768x768.png 768w, https:\/\/ketipachkoria.com\/wp-content\/uploads\/2022\/02\/AXA_Logo.svg-1536x1536.png 1536w, https:\/\/ketipachkoria.com\/wp-content\/uploads\/2022\/02\/AXA_Logo.svg-12x12.png 12w, https:\/\/ketipachkoria.com\/wp-content\/uploads\/2022\/02\/AXA_Logo.svg.png 2048w\" sizes=\"auto, (max-width: 1020px) 100vw, 1020px\" title=\"Eye Clinic Ophthalmology Clinic\">\t\t\t\t\t\t\n\t\t\t\t\t<\/div>\n\t\t\t\t\t\t\t\t\n<style>\n#image_537565510 {\n  width: 9%;\n}\n<\/style>\n\t<\/div>\n\t\n\t\t<\/div>\n\t\t\t\t\t<\/div>\n\n\t\n\t\t\t<div id=\"rank-math-rich-snippet-wrapper\" class=\"\">\n\n\t\t\t\t\n\t\t\t<\/div>\n\t\t\n<\/div>\n\t\t<\/div>\n\n\t\t\n<style>\n#section_582297965 {\n  padding-top: 30px;\n  padding-bottom: 30px;\n}\n<\/style>\n\t<\/section>\n\t\n","protected":false},"excerpt":{"rendered":"","protected":false},"author":5,"featured_media":0,"parent":0,"menu_order":0,"comment_status":"closed","ping_status":"closed","template":"page-blank.php","meta":{"inline_featured_image":false,"_joinchat":[],"footnotes":""},"class_list":["post-785","page","type-page","status-publish","hentry"],"_links":{"self":[{"href":"https:\/\/ketipachkoria.com\/es\/wp-json\/wp\/v2\/pages\/785","targetHints":{"allow":["GET"]}}],"collection":[{"href":"https:\/\/ketipachkoria.com\/es\/wp-json\/wp\/v2\/pages"}],"about":[{"href":"https:\/\/ketipachkoria.com\/es\/wp-json\/wp\/v2\/types\/page"}],"author":[{"embeddable":true,"href":"https:\/\/ketipachkoria.com\/es\/wp-json\/wp\/v2\/users\/5"}],"replies":[{"embeddable":true,"href":"https:\/\/ketipachkoria.com\/es\/wp-json\/wp\/v2\/comments?post=785"}],"version-history":[{"count":18,"href":"https:\/\/ketipachkoria.com\/es\/wp-json\/wp\/v2\/pages\/785\/revisions"}],"predecessor-version":[{"id":1536,"href":"https:\/\/ketipachkoria.com\/es\/wp-json\/wp\/v2\/pages\/785\/revisions\/1536"}],"wp:attachment":[{"href":"https:\/\/ketipachkoria.com\/es\/wp-json\/wp\/v2\/media?parent=785"}],"curies":[{"name":"wp","href":"https:\/\/api.w.org\/{rel}","templated":true}]}}