{"id":771,"date":"2021-12-14T10:37:45","date_gmt":"2021-12-14T10:37:45","guid":{"rendered":"https:\/\/ketipachkoria.com\/oculoplasty\/"},"modified":"2024-11-29T12:44:10","modified_gmt":"2024-11-29T12:44:10","slug":"oculoplastia","status":"publish","type":"page","link":"https:\/\/ketipachkoria.com\/es\/oculoplastia\/","title":{"rendered":"Oculoplastia"},"content":{"rendered":"\t<section class=\"section\" id=\"section_1826098020\">\n\t\t<div class=\"bg section-bg fill bg-fill  \" >\n\n\t\t\t\n\t\t\t<div class=\"section-bg-overlay absolute fill\"><\/div>\n\t\t\t\n\n\t\t<\/div>\n\n\t\t<div class=\"section-content relative\">\n\t\t\t\n<div class=\"row\"  id=\"row-9234096\">\n\n\t<div id=\"col-1865274551\" class=\"col small-12 large-12\"  >\n\t\t\t\t<div class=\"col-inner\"  >\n\t\t\t\n\t\t\t\n\t<div id=\"text-2803711955\" class=\"text\">\n\t\t\n<h1><span style=\"font-size: 250%;\">Oculoplastia y procedimientos menores de p\u00e1rpado<\/span><\/h1>\n\t\t\n<style>\n#text-2803711955 {\n  text-align: center;\n  color: rgb(255,255,255);\n}\n#text-2803711955 > * {\n  color: rgb(255,255,255);\n}\n<\/style>\n\t<\/div>\n\t\n\t\t<\/div>\n\t\t\t\t\t<\/div>\n\n\t\n<\/div>\n\t<div id=\"text-3059032544\" class=\"text\">\n\t\t\n<p>Tratamiento m\u00e9dico y est\u00e9tico de los p\u00e1rpados con una cirujana oftalm\u00f3loga experta en oculoplastia.<\/p>\n<p>Redefine tu mirada con resultados naturales que realzan tu belleza y devuelven tu confianza.<\/p>\n\t\t\n<style>\n#text-3059032544 {\n  text-align: center;\n  color: rgb(255, 255, 255);\n}\n#text-3059032544 > * {\n  color: rgb(255, 255, 255);\n}\n<\/style>\n\t<\/div>\n\t\n\t\t<\/div>\n\n\t\t\n<style>\n#section_1826098020 {\n  padding-top: 30px;\n  padding-bottom: 30px;\n  min-height: 600px;\n}\n#section_1826098020 .section-bg-overlay {\n  background-color: rgba(0,0,0,.5);\n}\n#section_1826098020 .section-bg.bg-loaded {\n  background-image: url(https:\/\/ketipachkoria.com\/wp-content\/uploads\/2022\/01\/blefaroplastia.jpg);\n}\n#section_1826098020 .section-bg {\n  background-position: 82% 20%;\n}\n<\/style>\n\t<\/section>\n\t\n\t<section class=\"section\" id=\"section_1065067813\">\n\t\t<div class=\"bg section-bg fill bg-fill  bg-loaded\" >\n\n\t\t\t\n\t\t\t\n\t\t\t\n\n\t\t<\/div>\n\n\t\t<div class=\"section-content relative\">\n\t\t\t\n<div class=\"row\"  id=\"row-1905762426\">\n\n\t<div id=\"col-366901511\" class=\"col small-12 large-12\"  data-animate=\"bounceIn\">\n\t\t\t\t<div class=\"col-inner\"  >\n\t\t\t\n\t\t\t\n\t<div id=\"text-4260383677\" class=\"text\">\n\t\t\n<h3><span style=\"font-size: 160%;\">LEVANTAMIENTO DE P\u00c1RPADOS &#8211; BLEFAROPLASTIA<\/span><\/h3>\n\t\t\n<style>\n#text-4260383677 {\n  color: #8f81a2;\n}\n#text-4260383677 > * {\n  color: #8f81a2;\n}\n<\/style>\n\t<\/div>\n\t\n<div class=\"is-divider divider clearfix\" style=\"margin-top:0.6em;margin-bottom:0.6em;max-width:140px;height:5px;\"><\/div>\n\t<div id=\"text-3750709230\" class=\"text\">\n\t\t\n<p>Con la edad, es com\u00fan desarrollar piel fl\u00e1cida alrededor de los ojos, p\u00e1rpados superiores pesados, p\u00e1rpados dobles y bolsas en los p\u00e1rpados inferiores. Estos cambios naturales pueden hacer que parezcas m\u00e1s cansado o envejecido de lo que realmente te sientes.<\/p>\n<p><strong>\u00bfQu\u00e9 es la blefaroplastia?<\/strong><br \/>\nLa blefaroplastia es un procedimiento dise\u00f1ado para devolver a los ojos un aspecto m\u00e1s juvenil mediante la eliminaci\u00f3n de piel sobrante, grasa abultada y m\u00fasculos laxos. Adem\u00e1s de mejorar la est\u00e9tica, puede eliminar obstrucciones en el campo visual. Es una de las cirug\u00edas est\u00e9ticas m\u00e1s seguras y con mayor tasa de satisfacci\u00f3n.<\/p>\n<p><strong>\u00bfC\u00f3mo funciona el procedimiento?<\/strong><br \/>\nSe realiza una incisi\u00f3n en el pliegue natural del p\u00e1rpado, permitiendo eliminar piel y grasa excesivas. La incisi\u00f3n se cierra cuidadosamente, quedando la cicatriz disimulada en el pliegue del p\u00e1rpado. Este procedimiento puede combinarse con otros tratamientos est\u00e9ticos para potenciar un aspecto m\u00e1s juvenil y armonioso.<\/p>\n<p><strong>\u00bfEs doloroso el procedimiento?<\/strong><br \/>\nNo. La blefaroplastia se realiza bajo anestesia local y puede complementarse con sedaci\u00f3n o anestesia general, asegurando una experiencia c\u00f3moda y sin dolor.<\/p>\n<p><strong>\u00bfCu\u00e1les son los riesgos?<\/strong><br \/>\nAunque es una cirug\u00eda segura, pueden presentarse riesgos como infecci\u00f3n, hematomas, cicatrices visibles, visi\u00f3n borrosa o doble, y ojos secos. Es importante seguir las indicaciones m\u00e9dicas para minimizar estas posibilidades.<\/p>\n<p><strong>\u00bfC\u00f3mo es el proceso quir\u00fargico?<\/strong><br \/>\nEs una cirug\u00eda ambulatoria que dura entre 1 y 2 horas, dependiendo de las \u00e1reas tratadas. Los puntos se retiran tras 7 d\u00edas, y la hinchaz\u00f3n disminuye gradualmente, permitiendo que comiences a sentirte mejor r\u00e1pidamente.<\/p>\n<p><strong>\u00bfCu\u00e1l es el tiempo de recuperaci\u00f3n?<\/strong><br \/>\nLa recuperaci\u00f3n puede durar varias semanas. Se recomienda limitar las actividades durante los primeros 5 d\u00edas, tomar al menos una semana de descanso laboral y mantener la cabeza elevada para reducir la inflamaci\u00f3n. El uso de compresas fr\u00edas tambi\u00e9n ayuda a acelerar el proceso de recuperaci\u00f3n.<\/p>\n\t\t\n<style>\n#text-3750709230 {\n  font-size: 1rem;\n  line-height: 1.45;\n}\n<\/style>\n\t<\/div>\n\t\n\t\t<\/div>\n\t\t\t\t\t<\/div>\n\n\t\n<\/div>\n<div class=\"row row-collapse row-full-width align-middle\"  id=\"row-1698163798\">\n\n\t<div id=\"col-1963778794\" class=\"col medium-12 small-12 large-6\"  data-animate=\"fadeInLeft\">\n\t\t\t\t<div class=\"col-inner\"  >\n\t\t\t\n\t\t\t\n\n  <div class=\"banner has-hover\" id=\"banner-1590786391\">\n          <div class=\"banner-inner fill\">\n        <div class=\"banner-bg fill\" >\n            <div class=\"bg fill bg-fill \"><\/div>\n                                    \n                    <\/div>\n        <div class=\"banner-layers container\">\n            <div class=\"fill banner-link\"><\/div>            \n        <\/div>\n      <\/div>\n\n              <div class=\"height-fix is-invisible\"><img loading=\"lazy\" decoding=\"async\" width=\"3072\" height=\"1532\" src=\"https:\/\/ketipachkoria.com\/wp-content\/uploads\/2022\/01\/Blepharoplasty-Cost-in-India-2-1536x766-1_waifu2x_photo_noise3_scale_tta_1.png\" class=\"attachment-original size-original\" alt=\"Keti Eye Clinic Ophthalmology Clinic\" srcset=\"https:\/\/ketipachkoria.com\/wp-content\/uploads\/2022\/01\/Blepharoplasty-Cost-in-India-2-1536x766-1_waifu2x_photo_noise3_scale_tta_1.png 3072w, https:\/\/ketipachkoria.com\/wp-content\/uploads\/2022\/01\/Blepharoplasty-Cost-in-India-2-1536x766-1_waifu2x_photo_noise3_scale_tta_1-300x150.png 300w, https:\/\/ketipachkoria.com\/wp-content\/uploads\/2022\/01\/Blepharoplasty-Cost-in-India-2-1536x766-1_waifu2x_photo_noise3_scale_tta_1-1024x511.png 1024w, https:\/\/ketipachkoria.com\/wp-content\/uploads\/2022\/01\/Blepharoplasty-Cost-in-India-2-1536x766-1_waifu2x_photo_noise3_scale_tta_1-768x383.png 768w, https:\/\/ketipachkoria.com\/wp-content\/uploads\/2022\/01\/Blepharoplasty-Cost-in-India-2-1536x766-1_waifu2x_photo_noise3_scale_tta_1-1536x766.png 1536w, https:\/\/ketipachkoria.com\/wp-content\/uploads\/2022\/01\/Blepharoplasty-Cost-in-India-2-1536x766-1_waifu2x_photo_noise3_scale_tta_1-2048x1021.png 2048w\" sizes=\"auto, (max-width: 3072px) 100vw, 3072px\" title=\"Eye Clinic Ophthalmology Clinic\"><\/div>\n            \n<style>\n#banner-1590786391 .bg.bg-loaded {\n  background-image: url(https:\/\/ketipachkoria.com\/wp-content\/uploads\/2022\/01\/Blepharoplasty-Cost-in-India-2-1536x766-1_waifu2x_photo_noise3_scale_tta_1.png);\n}\n<\/style>\n  <\/div>\n\n\n\t\t<\/div>\n\t\t\t\t\n<style>\n#col-1963778794 > .col-inner {\n  padding: 20px 20px 20px 20px;\n}\n<\/style>\n\t<\/div>\n\n\t\n\n\t<div id=\"col-837115119\" class=\"col medium-12 small-12 large-6\"  >\n\t\t\t\t<div class=\"col-inner\"  >\n\t\t\t\n\t\t\t\n<div class=\"row\"  id=\"row-2089087804\">\n\n\t<div id=\"col-1108658781\" class=\"col small-12 large-12\"  data-animate=\"flipInX\">\n\t\t\t\t<div class=\"col-inner box-shadow-2 box-shadow-1-hover\" style=\"background-color:#a8d0c5;\" >\n\t\t\t\n\t\t\t\n\t<div id=\"text-2577330551\" class=\"text\">\n\t\t\n<h3><span style=\"font-size: 160%;\">Consulte Ahora<\/span><\/h3>\n\t\t\n<style>\n#text-2577330551 {\n  font-size: 1.75rem;\n  line-height: 1;\n  text-align: center;\n  color: rgb(255,255,255);\n}\n#text-2577330551 > * {\n  color: rgb(255,255,255);\n}\n<\/style>\n\t<\/div>\n\t\n<div class=\"text-center\"><div class=\"is-divider divider clearfix\" style=\"margin-top:0.6em;margin-bottom:0.6em;max-width:140px;height:5px;\"><\/div><\/div>\n\t<div id=\"text-1874933760\" class=\"text\">\n\t\t\n<p><span style=\"font-size: 120%;\">No dude en contactar a nuestro equipo, estamos aqu\u00ed para ayudarle.<\/span><\/p>\n\t\t\n<style>\n#text-1874933760 {\n  text-align: center;\n  color: rgb(255,255,255);\n}\n#text-1874933760 > * {\n  color: rgb(255,255,255);\n}\n<\/style>\n\t<\/div>\n\t\n<a href=\"tel:+35056002640\" target=\"_self\" class=\"button secondary is-gloss is-large expand\"  >\n  <i class=\"icon-phone\" ><\/i>  <span>Gibraltar (+35) 5600 2640<\/span>\n  <\/a>\n\n<a href=\"tel:+34666198820\" target=\"_self\" class=\"button secondary is-gloss is-large expand\"  >\n  <i class=\"icon-phone\" ><\/i>  <span>Espa\u00f1a (+34) 666 198 820<\/span>\n  <\/a>\n\n<a href=\"mailto:info@ketipachkoria.com\" target=\"_self\" class=\"button white is-large expand\"  >\n  <i class=\"icon-envelop\" ><\/i>  <span>info@ketipachkoria.com<\/span>\n  <\/a>\n\n\t<div id=\"gap-1259218691\" class=\"gap-element clearfix\" style=\"display:block; height:auto;\">\n\t\t\n<style>\n#gap-1259218691 {\n  padding-top: 60px;\n}\n<\/style>\n\t<\/div>\n\t\n<a href=\"https:\/\/ketipachkoria.com\/es\/contactanos\/\" target=\"_self\" class=\"button secondary is-shade is-large box-shadow-2 box-shadow-3-hover expand\"  style=\"border-radius:10px;\">\n    <span>Cont\u00e1ctenos<\/span>\n  <i class=\"icon-play\" ><\/i><\/a>\n\n\t\t<\/div>\n\t\t\t\t\n<style>\n#col-1108658781 > .col-inner {\n  padding: 30px 30px 30px 30px;\n}\n@media (min-width:550px) {\n  #col-1108658781 > .col-inner {\n    padding: 30px 40px 30px 40px;\n  }\n}\n<\/style>\n\t<\/div>\n\n\t\n<\/div>\n\t\t<\/div>\n\t\t\t\t\n<style>\n#col-837115119 > .col-inner {\n  padding: 30px 20px 0px 20px;\n}\n@media (min-width:550px) {\n  #col-837115119 > .col-inner {\n    padding: 25px 20px 0px 20px;\n  }\n}\n@media (min-width:850px) {\n  #col-837115119 > .col-inner {\n    padding: 0px 20px 0px 20px;\n  }\n}\n<\/style>\n\t<\/div>\n\n\t\n<\/div>\n\t\t<\/div>\n\n\t\t\n<style>\n#section_1065067813 {\n  padding-top: 30px;\n  padding-bottom: 30px;\n}\n<\/style>\n\t<\/section>\n\t\n\t<section class=\"section\" id=\"section_1987297129\">\n\t\t<div class=\"bg section-bg fill bg-fill  bg-loaded\" >\n\n\t\t\t\n\t\t\t\n\t\t\t\n\n\t\t<\/div>\n\n\t\t<div class=\"section-content relative\">\n\t\t\t\n<div class=\"row\"  id=\"row-1109739229\">\n\n\t<div id=\"col-842917151\" class=\"col small-12 large-12\"  data-animate=\"fadeInUp\">\n\t\t\t\t<div class=\"col-inner\"  >\n\t\t\t\n\t\t\t\n\t<div id=\"text-4095016102\" class=\"text\">\n\t\t\n<h3 class=\"uppercase\"><span style=\"font-size: 160%;\">PROCEDIMIENTOS MENOS INVASIVOS EN LOS P\u00c1RPADOS<\/span><\/h3>\n\t\t\n<style>\n#text-4095016102 {\n  text-align: left;\n  color: #8f81a2;\n}\n#text-4095016102 > * {\n  color: #8f81a2;\n}\n<\/style>\n\t<\/div>\n\t\n<div class=\"is-divider divider clearfix\" style=\"margin-top:0.6em;margin-bottom:0.6em;max-width:140px;height:5px;\"><\/div>\n\t\t<\/div>\n\t\t\t\t\t<\/div>\n\n\t\n\n\t<div id=\"col-1059702883\" class=\"col small-12 large-12\"  >\n\t\t\t\t<div class=\"col-inner\"  >\n\t\t\t\n\t\t\t\n<div class=\"row\"  id=\"row-2055890997\">\n\n\t<div id=\"col-1849070490\" class=\"col medium-6 small-12 large-4\"  data-animate=\"fadeInLeft\">\n\t\t\t\t<div class=\"col-inner\" style=\"background-color:rgba(143, 129, 162, 0.116);\" >\n\t\t\t\n\t\t\t\n\n  <div class=\"banner has-hover\" id=\"banner-1429180545\">\n          <div class=\"banner-inner fill\">\n        <div class=\"banner-bg fill\" >\n            <div class=\"bg fill bg-fill \"><\/div>\n                                    \n                    <\/div>\n        <div class=\"banner-layers container\">\n            <div class=\"fill banner-link\"><\/div>            \n        <\/div>\n      <\/div>\n\n            \n<style>\n#banner-1429180545 {\n  padding-top: 195px;\n}\n#banner-1429180545 .bg.bg-loaded {\n  background-image: url(https:\/\/ketipachkoria.com\/wp-content\/uploads\/2022\/01\/Orzuelo-externo-3-1024x768-1.jpg);\n}\n<\/style>\n  <\/div>\n\n\n<div class=\"accordion\" rel=\"\">\n<div class=\"accordion-item\"><a href=\"#\" class=\"accordion-title plain\"><button class=\"toggle\"><i class=\"icon-angle-down\"><\/i><\/button><span>Chalazion<\/span><\/a><div class=\"accordion-inner\">\n\t<div id=\"text-2634986060\" class=\"text\">\n\t\t\n<p><span style=\"font-size: 120%;\">Un chalazi\u00f3n o quiste meibomiano es una gl\u00e1ndula bloqueada que lleva a una lesi\u00f3n nodular en el p\u00e1rpado. Si el chalazi\u00f3n no responde al manejo conservador, puede ser drenado quir\u00fargicamente.<\/span><br \/>\n\t\t\n<style>\n#text-2634986060 {\n  text-align: center;\n}\n<\/style>\n\t<\/div>\n\t\n<a rel=\"noopener noreferrer nofollow\" href=\"https:\/\/www.aao.org\/eye-health\/diseases\/what-are-chalazia-styes\" target=\"_blank\" class=\"button secondary is-large expand\">\n    <span>\u00bfQu\u00e9 son los orzuelos y la chalazia?<\/span>\n  <\/a>\n\n<\/div><\/div>\n<\/div>\n\t\t<\/div>\n\t\t\t\t\n<style>\n#col-1849070490 > .col-inner {\n  padding: 20px 20px 20px 20px;\n}\n<\/style>\n\t<\/div>\n\n\t\n\n\t<div id=\"col-1742473535\" class=\"col medium-6 small-12 large-4\"  data-animate=\"fadeInRight\">\n\t\t\t\t<div class=\"col-inner\" style=\"background-color:rgba(143, 129, 162, 0.116);\" >\n\t\t\t\n\t\t\t\n\n  <div class=\"banner has-hover\" id=\"banner-1875615117\">\n          <div class=\"banner-inner fill\">\n        <div class=\"banner-bg fill\" >\n            <div class=\"bg fill bg-fill \"><\/div>\n                                    \n                    <\/div>\n        <div class=\"banner-layers container\">\n            <div class=\"fill banner-link\"><\/div>            \n        <\/div>\n      <\/div>\n\n            \n<style>\n#banner-1875615117 {\n  padding-top: 195px;\n}\n#banner-1875615117 .bg.bg-loaded {\n  background-image: url(https:\/\/ketipachkoria.com\/wp-content\/uploads\/2022\/01\/qtq_53-1.jpg);\n}\n#banner-1875615117 .bg {\n  background-position: 72% 99%;\n}\n<\/style>\n  <\/div>\n\n\n<div class=\"accordion\" rel=\"\">\n<div class=\"accordion-item\"><a href=\"#\" class=\"accordion-title plain\"><button class=\"toggle\"><i class=\"icon-angle-down\"><\/i><\/button><span>Xantelasma<\/span><\/a><div class=\"accordion-inner\">\n\t<div id=\"text-1095446072\" class=\"text\">\n\t\t\n<p><span style=\"font-size: 120%;\">El xantelasma son placas amarillas que a menudo afectan la porci\u00f3n media de los p\u00e1rpados superiores y\/o inferiores. Se pueden eliminar mediante excisi\u00f3n, l\u00e1ser o peeling.<\/span><br \/>\n\t\t\n<style>\n#text-1095446072 {\n  text-align: center;\n}\n<\/style>\n\t<\/div>\n\t\n<a rel=\"noopener noreferrer nofollow\" href=\"https:\/\/www.aao.org\/eye-health\/diseases\/what-is-xanthelasma\" target=\"_blank\" class=\"button secondary is-large expand\">\n    <span>\u00bfQu\u00e9 es el xantelasma?<\/span>\n  <\/a>\n\n<\/div><\/div>\n<\/div>\n\t\t<\/div>\n\t\t\t\t\n<style>\n#col-1742473535 > .col-inner {\n  padding: 20px 20px 20px 20px;\n}\n<\/style>\n\t<\/div>\n\n\t\n\n\t<div id=\"col-1840676869\" class=\"col medium-6 small-12 large-4\"  data-animate=\"fadeInLeft\">\n\t\t\t\t<div class=\"col-inner\" style=\"background-color:rgba(143, 129, 162, 0.116);\" >\n\t\t\t\n\t\t\t\n\n  <div class=\"banner has-hover\" id=\"banner-1528442667\">\n          <div class=\"banner-inner fill\">\n        <div class=\"banner-bg fill\" >\n            <div class=\"bg fill bg-fill \"><\/div>\n                                    \n                    <\/div>\n        <div class=\"banner-layers container\">\n            <div class=\"fill banner-link\"><\/div>            \n        <\/div>\n      <\/div>\n\n            \n<style>\n#banner-1528442667 {\n  padding-top: 154px;\n}\n#banner-1528442667 .bg.bg-loaded {\n  background-image: url(https:\/\/ketipachkoria.com\/wp-content\/uploads\/2022\/01\/qtq_53-2.jpg);\n}\n#banner-1528442667 .bg {\n  background-position: 58% 89%;\n}\n@media (min-width:850px) {\n  #banner-1528442667 {\n    padding-top: 195px;\n  }\n}\n<\/style>\n  <\/div>\n\n\n<div class=\"accordion\" rel=\"\">\n<div class=\"accordion-item\"><a href=\"#\" class=\"accordion-title plain\"><button class=\"toggle\"><i class=\"icon-angle-down\"><\/i><\/button><span>Etiquetas cut\u00e1neas<\/span><\/a><div class=\"accordion-inner\">\n\t<div id=\"text-4144561520\" class=\"text\">\n\t\t\n<p><span style=\"font-size: 120%;\">Las etiquetas en la piel son crecimientos de color carne que se forman en la superficie de la piel. Pueden aparecer a cualquier edad y pueden involucrar el p\u00e1rpado superior, inferior y las \u00e1reas circundantes. Las etiquetas en la piel se eliminan f\u00e1cilmente sin dejar cicatriz en el p\u00e1rpado.<\/span><br \/>\n\t\t\n<style>\n#text-4144561520 {\n  text-align: center;\n}\n<\/style>\n\t<\/div>\n\t\n<\/div><\/div>\n<\/div>\n\t\t<\/div>\n\t\t\t\t\n<style>\n#col-1840676869 > .col-inner {\n  padding: 20px 20px 20px 20px;\n}\n<\/style>\n\t<\/div>\n\n\t\n\n\t<div id=\"col-690576318\" class=\"col medium-6 small-12 large-4\"  data-animate=\"fadeInRight\">\n\t\t\t\t<div class=\"col-inner\" style=\"background-color:rgba(143, 129, 162, 0.116);\" >\n\t\t\t\n\t\t\t\n\n  <div class=\"banner has-hover\" id=\"banner-510496139\">\n          <div class=\"banner-inner fill\">\n        <div class=\"banner-bg fill\" >\n            <div class=\"bg fill bg-fill \"><\/div>\n                                    \n                    <\/div>\n        <div class=\"banner-layers container\">\n            <div class=\"fill banner-link\"><\/div>            \n        <\/div>\n      <\/div>\n\n            \n<style>\n#banner-510496139 {\n  padding-top: 154px;\n}\n#banner-510496139 .bg.bg-loaded {\n  background-image: url(https:\/\/ketipachkoria.com\/wp-content\/uploads\/2022\/01\/qtq_53-3.jpg);\n}\n#banner-510496139 .bg {\n  background-position: 44% 99%;\n}\n<\/style>\n  <\/div>\n\n\n<div class=\"accordion\" rel=\"\">\n<div class=\"accordion-item\"><a href=\"#\" class=\"accordion-title plain\"><button class=\"toggle\"><i class=\"icon-angle-down\"><\/i><\/button><span>Ptosis<\/span><\/a><div class=\"accordion-inner\">\n\t<div id=\"text-631224336\" class=\"text\">\n\t\t\n<p><span style=\"font-size: 120%;\">La ptosis es una ca\u00edda del p\u00e1rpado superior, que puede afectar uno o ambos ojos. La principal causa de la ptosis es el envejecimiento, pero tambi\u00e9n puede ocurrir como manifestaci\u00f3n de otras condiciones sist\u00e9micas como la miastenia gravis, par\u00e1lisis del tercer nervio, etc. Tambi\u00e9n puede presentarse al nacer, afectando el desarrollo visual y potencialmente causando ambliop\u00eda (ojo vago) si no se trata.<\/span><br \/>\n\t\t\n<style>\n#text-631224336 {\n  text-align: center;\n}\n<\/style>\n\t<\/div>\n\t\n<a rel=\"noopener noreferrer nofollow\" href=\"https:\/\/www.aao.org\/eye-health\/diseases\/what-is-ptosis\" target=\"_blank\" class=\"button secondary is-large expand\">\n    <span>\u00bfQu\u00e9 es la ptosis?<\/span>\n  <\/a>\n\n<\/div><\/div>\n<\/div>\n\t\t<\/div>\n\t\t\t\t\n<style>\n#col-690576318 > .col-inner {\n  padding: 20px 20px 20px 20px;\n}\n<\/style>\n\t<\/div>\n\n\t\n\n\t<div id=\"col-689685972\" class=\"col medium-6 small-12 large-4\"  data-animate=\"fadeInLeft\">\n\t\t\t\t<div class=\"col-inner\" style=\"background-color:rgba(143, 129, 162, 0.116);\" >\n\t\t\t\n\t\t\t\n\n  <div class=\"banner has-hover\" id=\"banner-1239755463\">\n          <div class=\"banner-inner fill\">\n        <div class=\"banner-bg fill\" >\n            <div class=\"bg fill bg-fill \"><\/div>\n                                    \n                    <\/div>\n        <div class=\"banner-layers container\">\n            <div class=\"fill banner-link\"><\/div>            \n        <\/div>\n      <\/div>\n\n            \n<style>\n#banner-1239755463 {\n  padding-top: 154px;\n}\n#banner-1239755463 .bg.bg-loaded {\n  background-image: url(https:\/\/ketipachkoria.com\/wp-content\/uploads\/2022\/01\/qtq_53-4.jpg);\n}\n#banner-1239755463 .bg {\n  background-position: 36% 97%;\n}\n<\/style>\n  <\/div>\n\n\n<div class=\"accordion\" rel=\"\">\n<div class=\"accordion-item\"><a href=\"#\" class=\"accordion-title plain\"><button class=\"toggle\"><i class=\"icon-angle-down\"><\/i><\/button><span>Entropi\u00f3n y Ectropi\u00f3n<\/span><\/a><div class=\"accordion-inner\">\n\t<div id=\"text-24898714\" class=\"text\">\n\t\t\n<p><span style=\"font-size: 120%;\">El entropi\u00f3n es una condici\u00f3n m\u00e9dica que hace que el p\u00e1rpado inferior se vuelva hacia adentro, de manera que las pesta\u00f1as rozan la superficie del ojo. Esto es muy irritante para los pacientes. El ectropi\u00f3n es una condici\u00f3n m\u00e9dica en la que el p\u00e1rpado inferior se vuelve hacia afuera. Ambas condiciones requieren reparaci\u00f3n quir\u00fargica para evitar la p\u00e9rdida de visi\u00f3n y otros problemas de salud ocular.<\/span><br \/>\n\t\t\n<style>\n#text-24898714 {\n  text-align: center;\n}\n<\/style>\n\t<\/div>\n\t\n<a rel=\"noopener noreferrer nofollow\" href=\"https:\/\/www.aao.org\/eye-health\/diseases\/entropion-5\" target=\"_blank\" class=\"button secondary is-large expand\">\n    <span>Entropion<\/span>\n  <\/a>\n\n<a rel=\"noopener noreferrer nofollow\" href=\"https:\/\/www.aao.org\/eye-health\/diseases\/ectropion-3\" target=\"_blank\" class=\"button primary is-large expand\">\n    <span>Ectropion<\/span>\n  <\/a>\n\n<\/div><\/div>\n<\/div>\n\t\t<\/div>\n\t\t\t\t\n<style>\n#col-689685972 > .col-inner {\n  padding: 20px 20px 20px 20px;\n}\n<\/style>\n\t<\/div>\n\n\t\n\n\t<div id=\"col-579397493\" class=\"col medium-6 small-12 large-4\"  data-animate=\"fadeInRight\">\n\t\t\t\t<div class=\"col-inner\" style=\"background-color:rgba(143, 129, 162, 0.116);\" >\n\t\t\t\n\t\t\t\n\n  <div class=\"banner has-hover\" id=\"banner-1734771100\">\n          <div class=\"banner-inner fill\">\n        <div class=\"banner-bg fill\" >\n            <div class=\"bg fill bg-fill \"><\/div>\n                                    \n                    <\/div>\n        <div class=\"banner-layers container\">\n            <div class=\"fill banner-link\"><\/div>            \n        <\/div>\n      <\/div>\n\n            \n<style>\n#banner-1734771100 {\n  padding-top: 154px;\n}\n#banner-1734771100 .bg.bg-loaded {\n  background-image: url(https:\/\/ketipachkoria.com\/wp-content\/uploads\/2022\/01\/qtq_53-6.jpg);\n}\n#banner-1734771100 .bg {\n  background-position: 0% 100%;\n}\n<\/style>\n  <\/div>\n\n\n<div class=\"accordion\" rel=\"\">\n<div class=\"accordion-item\"><a href=\"#\" class=\"accordion-title plain\"><button class=\"toggle\"><i class=\"icon-angle-down\"><\/i><\/button><span>Lesiones de los p\u00e1rpados<\/span><\/a><div class=\"accordion-inner\">\n\t<div id=\"text-4206758399\" class=\"text\">\n\t\t\n<p><span style=\"font-size: 120%;\">Las lesiones en el p\u00e1rpado son muy comunes en hombres y mujeres; la mayor\u00eda de las lesiones se pueden diagnosticar solo en funci\u00f3n de las caracter\u00edsticas cl\u00ednicas, y algunas requieren una biopsia. Algunas lesiones benignas pueden parecer siniestras o viceversa. Las lesiones en el p\u00e1rpado se eliminan bajo anestesia local, es un procedimiento menor de un d\u00eda. La eliminaci\u00f3n simple se puede combinar con la reconstrucci\u00f3n del p\u00e1rpado dependiendo de la naturaleza de la lesi\u00f3n.<\/span><br \/>\n\t\t\n<style>\n#text-4206758399 {\n  text-align: center;\n}\n<\/style>\n\t<\/div>\n\t\n<\/div><\/div>\n<\/div>\n\t\t<\/div>\n\t\t\t\t\n<style>\n#col-579397493 > .col-inner {\n  padding: 20px 20px 20px 20px;\n}\n<\/style>\n\t<\/div>\n\n\t\n<\/div>\n\t\t<\/div>\n\t\t\t\t\t<\/div>\n\n\t\n\t\t\t<div id=\"rank-math-rich-snippet-wrapper\" class=\"\">\n\n\t\t\t\t\n\t\t\t<\/div>\n\t\t\n<\/div>\n\t\t<\/div>\n\n\t\t\n<style>\n#section_1987297129 {\n  padding-top: 30px;\n  padding-bottom: 30px;\n}\n<\/style>\n\t<\/section>\n\t\n<p>&nbsp;<\/p>\n","protected":false},"excerpt":{"rendered":"<p>&nbsp;<\/p>\n","protected":false},"author":5,"featured_media":0,"parent":0,"menu_order":0,"comment_status":"closed","ping_status":"closed","template":"page-transparent-header-light.php","meta":{"inline_featured_image":false,"_joinchat":[],"footnotes":""},"class_list":["post-771","page","type-page","status-publish","hentry"],"_links":{"self":[{"href":"https:\/\/ketipachkoria.com\/es\/wp-json\/wp\/v2\/pages\/771","targetHints":{"allow":["GET"]}}],"collection":[{"href":"https:\/\/ketipachkoria.com\/es\/wp-json\/wp\/v2\/pages"}],"about":[{"href":"https:\/\/ketipachkoria.com\/es\/wp-json\/wp\/v2\/types\/page"}],"author":[{"embeddable":true,"href":"https:\/\/ketipachkoria.com\/es\/wp-json\/wp\/v2\/users\/5"}],"replies":[{"embeddable":true,"href":"https:\/\/ketipachkoria.com\/es\/wp-json\/wp\/v2\/comments?post=771"}],"version-history":[{"count":28,"href":"https:\/\/ketipachkoria.com\/es\/wp-json\/wp\/v2\/pages\/771\/revisions"}],"predecessor-version":[{"id":1531,"href":"https:\/\/ketipachkoria.com\/es\/wp-json\/wp\/v2\/pages\/771\/revisions\/1531"}],"wp:attachment":[{"href":"https:\/\/ketipachkoria.com\/es\/wp-json\/wp\/v2\/media?parent=771"}],"curies":[{"name":"wp","href":"https:\/\/api.w.org\/{rel}","templated":true}]}}